{"id":2134,"date":"2023-10-20T19:37:38","date_gmt":"2023-10-20T19:37:38","guid":{"rendered":"https:\/\/foryoumuhendislik.com\/?page_id=2134"},"modified":"2023-10-20T19:37:38","modified_gmt":"2023-10-20T19:37:38","slug":"proje-haritasi","status":"publish","type":"page","link":"https:\/\/foryoumuhendislik.com\/index.php\/proje-haritasi\/","title":{"rendered":"Proje Haritas\u0131"},"content":{"rendered":"<p>[vc_row type=&#8221;vc_default&#8221;][vc_column css=&#8221;.vc_custom_1498574979385{padding-top: 70px !important;padding-bottom: 70px !important;}&#8221;]<div id=\"ultimate-heading-422569f312b775604\" class=\"uvc-heading ult-adjust-bottom-margin ultimate-heading-422569f312b775604 uvc-9402 \" data-hspacer=\"no_spacer\"  data-halign=\"left\" style=\"text-align:left\"><div class=\"uvc-heading-spacer no_spacer\" style=\"top\"><\/div><div class=\"uvc-main-heading ult-responsive\"  data-ultimate-target='.uvc-heading.ultimate-heading-422569f312b775604 h2'  data-responsive-json-new='{\"font-size\":\"desktop:26px;\",\"line-height\":\"desktop:32px;\"}' ><h2 style=\"font-weight:bold;margin-bottom:20px;\">Projelerimiz<\/h2><\/div><\/div>[vc_column_text]Foryou M\u00fchendislik olarak \u00e7e\u015fitli alanlarda tamamlad\u0131\u011f\u0131m\u0131z y\u00fczlerce i\u015ften baz\u0131lar\u0131n\u0131 bu alanda incelemeniz i\u00e7in ekledik. Daha detayl\u0131 bilgi edinmek i\u00e7in bizleri arayabilirsiniz.[\/vc_column_text][\/vc_column][\/vc_row][vc_row][vc_column][\/vc_column][\/vc_row]<\/p>\n","protected":false},"excerpt":{"rendered":"<p>[vc_row type=&#8221;vc_default&#8221;][vc_column css=&#8221;.vc_custom_1498574979385{padding-top: 70px !important;padding-bottom: 70px !important;}&#8221;][vc_column_text]Foryou M\u00fchendislik olarak \u00e7e\u015fitli alanlarda tamamlad\u0131\u011f\u0131m\u0131z y\u00fczlerce i\u015ften baz\u0131lar\u0131n\u0131 bu alanda incelemeniz i\u00e7in ekledik. Daha detayl\u0131 bilgi edinmek i\u00e7in bizleri arayabilirsiniz.[\/vc_column_text][\/vc_column][\/vc_row][vc_row][vc_column][\/vc_column][\/vc_row]<\/p>\n","protected":false},"author":1,"featured_media":0,"parent":0,"menu_order":0,"comment_status":"closed","ping_status":"closed","template":"","meta":{"footnotes":""},"class_list":["post-2134","page","type-page","status-publish","hentry","description-off"],"yoast_head":"<!-- This site is optimized with the Yoast SEO plugin v27.2 - https:\/\/yoast.com\/product\/yoast-seo-wordpress\/ -->\n<title>Proje Haritas\u0131 - Foryou M\u00fchendislik<\/title>\n<meta name=\"robots\" content=\"index, follow, max-snippet:-1, max-image-preview:large, max-video-preview:-1\" \/>\n<link rel=\"canonical\" href=\"https:\/\/foryoumuhendislik.com\/index.php\/proje-haritasi\/\" \/>\n<meta property=\"og:locale\" content=\"tr_TR\" \/>\n<meta property=\"og:type\" content=\"article\" \/>\n<meta property=\"og:title\" content=\"Proje Haritas\u0131 - Foryou M\u00fchendislik\" \/>\n<meta property=\"og:description\" content=\"[vc_row type=&#8221;vc_default&#8221;][vc_column css=&#8221;.vc_custom_1498574979385{padding-top: 70px !important;padding-bottom: 70px !important;}&#8221;][vc_column_text]Foryou M\u00fchendislik olarak \u00e7e\u015fitli alanlarda tamamlad\u0131\u011f\u0131m\u0131z y\u00fczlerce i\u015ften baz\u0131lar\u0131n\u0131 bu alanda incelemeniz i\u00e7in ekledik. Daha detayl\u0131 bilgi edinmek i\u00e7in bizleri arayabilirsiniz.[\/vc_column_text][\/vc_column][\/vc_row][vc_row][vc_column][\/vc_column][\/vc_row]\" \/>\n<meta property=\"og:url\" content=\"https:\/\/foryoumuhendislik.com\/index.php\/proje-haritasi\/\" \/>\n<meta property=\"og:site_name\" content=\"Foryou M\u00fchendislik\" \/>\n<meta name=\"twitter:card\" content=\"summary_large_image\" \/>\n<meta name=\"twitter:label1\" content=\"Tahmini okuma s\u00fcresi\" \/>\n\t<meta name=\"twitter:data1\" content=\"1 dakika\" \/>\n<script type=\"application\/ld+json\" class=\"yoast-schema-graph\">{\"@context\":\"https:\/\/schema.org\",\"@graph\":[{\"@type\":\"WebPage\",\"@id\":\"https:\/\/foryoumuhendislik.com\/index.php\/proje-haritasi\/\",\"url\":\"https:\/\/foryoumuhendislik.com\/index.php\/proje-haritasi\/\",\"name\":\"Proje Haritas\u0131 - Foryou M\u00fchendislik\",\"isPartOf\":{\"@id\":\"https:\/\/foryoumuhendislik.com\/#website\"},\"datePublished\":\"2023-10-20T19:37:38+00:00\",\"breadcrumb\":{\"@id\":\"https:\/\/foryoumuhendislik.com\/index.php\/proje-haritasi\/#breadcrumb\"},\"inLanguage\":\"tr\",\"potentialAction\":[{\"@type\":\"ReadAction\",\"target\":[\"https:\/\/foryoumuhendislik.com\/index.php\/proje-haritasi\/\"]}]},{\"@type\":\"BreadcrumbList\",\"@id\":\"https:\/\/foryoumuhendislik.com\/index.php\/proje-haritasi\/#breadcrumb\",\"itemListElement\":[{\"@type\":\"ListItem\",\"position\":1,\"name\":\"Anasayfa\",\"item\":\"https:\/\/foryoumuhendislik.com\/\"},{\"@type\":\"ListItem\",\"position\":2,\"name\":\"Proje Haritas\u0131\"}]},{\"@type\":\"WebSite\",\"@id\":\"https:\/\/foryoumuhendislik.com\/#website\",\"url\":\"https:\/\/foryoumuhendislik.com\/\",\"name\":\"Foryou M\u00fchendislik\",\"description\":\"\",\"potentialAction\":[{\"@type\":\"SearchAction\",\"target\":{\"@type\":\"EntryPoint\",\"urlTemplate\":\"https:\/\/foryoumuhendislik.com\/?s={search_term_string}\"},\"query-input\":{\"@type\":\"PropertyValueSpecification\",\"valueRequired\":true,\"valueName\":\"search_term_string\"}}],\"inLanguage\":\"tr\"}]}<\/script>\n<!-- \/ Yoast SEO plugin. -->","yoast_head_json":{"title":"Proje Haritas\u0131 - Foryou M\u00fchendislik","robots":{"index":"index","follow":"follow","max-snippet":"max-snippet:-1","max-image-preview":"max-image-preview:large","max-video-preview":"max-video-preview:-1"},"canonical":"https:\/\/foryoumuhendislik.com\/index.php\/proje-haritasi\/","og_locale":"tr_TR","og_type":"article","og_title":"Proje Haritas\u0131 - Foryou M\u00fchendislik","og_description":"[vc_row type=&#8221;vc_default&#8221;][vc_column css=&#8221;.vc_custom_1498574979385{padding-top: 70px !important;padding-bottom: 70px !important;}&#8221;][vc_column_text]Foryou M\u00fchendislik olarak \u00e7e\u015fitli alanlarda tamamlad\u0131\u011f\u0131m\u0131z y\u00fczlerce i\u015ften baz\u0131lar\u0131n\u0131 bu alanda incelemeniz i\u00e7in ekledik. Daha detayl\u0131 bilgi edinmek i\u00e7in bizleri arayabilirsiniz.[\/vc_column_text][\/vc_column][\/vc_row][vc_row][vc_column][\/vc_column][\/vc_row]","og_url":"https:\/\/foryoumuhendislik.com\/index.php\/proje-haritasi\/","og_site_name":"Foryou M\u00fchendislik","twitter_card":"summary_large_image","twitter_misc":{"Tahmini okuma s\u00fcresi":"1 dakika"},"schema":{"@context":"https:\/\/schema.org","@graph":[{"@type":"WebPage","@id":"https:\/\/foryoumuhendislik.com\/index.php\/proje-haritasi\/","url":"https:\/\/foryoumuhendislik.com\/index.php\/proje-haritasi\/","name":"Proje Haritas\u0131 - Foryou M\u00fchendislik","isPartOf":{"@id":"https:\/\/foryoumuhendislik.com\/#website"},"datePublished":"2023-10-20T19:37:38+00:00","breadcrumb":{"@id":"https:\/\/foryoumuhendislik.com\/index.php\/proje-haritasi\/#breadcrumb"},"inLanguage":"tr","potentialAction":[{"@type":"ReadAction","target":["https:\/\/foryoumuhendislik.com\/index.php\/proje-haritasi\/"]}]},{"@type":"BreadcrumbList","@id":"https:\/\/foryoumuhendislik.com\/index.php\/proje-haritasi\/#breadcrumb","itemListElement":[{"@type":"ListItem","position":1,"name":"Anasayfa","item":"https:\/\/foryoumuhendislik.com\/"},{"@type":"ListItem","position":2,"name":"Proje Haritas\u0131"}]},{"@type":"WebSite","@id":"https:\/\/foryoumuhendislik.com\/#website","url":"https:\/\/foryoumuhendislik.com\/","name":"Foryou M\u00fchendislik","description":"","potentialAction":[{"@type":"SearchAction","target":{"@type":"EntryPoint","urlTemplate":"https:\/\/foryoumuhendislik.com\/?s={search_term_string}"},"query-input":{"@type":"PropertyValueSpecification","valueRequired":true,"valueName":"search_term_string"}}],"inLanguage":"tr"}]}},"_links":{"self":[{"href":"https:\/\/foryoumuhendislik.com\/index.php\/wp-json\/wp\/v2\/pages\/2134","targetHints":{"allow":["GET"]}}],"collection":[{"href":"https:\/\/foryoumuhendislik.com\/index.php\/wp-json\/wp\/v2\/pages"}],"about":[{"href":"https:\/\/foryoumuhendislik.com\/index.php\/wp-json\/wp\/v2\/types\/page"}],"author":[{"embeddable":true,"href":"https:\/\/foryoumuhendislik.com\/index.php\/wp-json\/wp\/v2\/users\/1"}],"replies":[{"embeddable":true,"href":"https:\/\/foryoumuhendislik.com\/index.php\/wp-json\/wp\/v2\/comments?post=2134"}],"version-history":[{"count":1,"href":"https:\/\/foryoumuhendislik.com\/index.php\/wp-json\/wp\/v2\/pages\/2134\/revisions"}],"predecessor-version":[{"id":2135,"href":"https:\/\/foryoumuhendislik.com\/index.php\/wp-json\/wp\/v2\/pages\/2134\/revisions\/2135"}],"wp:attachment":[{"href":"https:\/\/foryoumuhendislik.com\/index.php\/wp-json\/wp\/v2\/media?parent=2134"}],"curies":[{"name":"wp","href":"https:\/\/api.w.org\/{rel}","templated":true}]}}